{"id":15370,"date":"2015-05-27T12:29:19","date_gmt":"2015-05-27T12:29:19","guid":{"rendered":"http:\/\/demo.qodeinteractive.com\/bridge107\/?page_id=15370"},"modified":"2021-08-18T21:08:30","modified_gmt":"2021-08-18T19:08:30","slug":"contact","status":"publish","type":"page","link":"https:\/\/www.architektin-schwarz.de\/?page_id=15370","title":{"rendered":"Kontakt"},"content":{"rendered":"<div class=\"wpb-content-wrapper\"><p>[vc_row row_type=&#8220;row&#8220; use_row_as_full_screen_section=&#8220;no&#8220; type=&#8220;full_width&#8220; angled_section=&#8220;no&#8220; text_align=&#8220;left&#8220; background_image_as_pattern=&#8220;without_pattern&#8220;][vc_column][vc_gmaps link=&#8220;#E-8_JTNDaWZyYW1lJTIwc3JjJTNEJTIyaHR0cHMlM0ElMkYlMkZ3d3cuZ29vZ2xlLmNvbSUyRm1hcHMlMkZlbWJlZCUzRnBiJTNEJTIxMW0xOCUyMTFtMTIlMjExbTMlMjExZDEyNzIuMTEzNzE0MTQ2Mzk0NCUyMTJkOC4wNzI5MDM0MTk1MDY2MjMlMjEzZDUwLjM4MDk1ODc5Nzk0ODA5JTIxMm0zJTIxMWYwJTIxMmYwJTIxM2YwJTIxM20yJTIxMWkxMDI0JTIxMmk3NjglMjE0ZjEzLjElMjEzbTMlMjExbTIlMjExczB4NDdiZGNjZGQyYjJmNGE1NSUyNTNBMHg5Y2MwNzQ1MGJiMDc2MjYwJTIxMnNJbiUyNTIwZGVuJTI1MjBLbG9zdGVyZyUyNUMzJTI1QTRydGVuJTI1MjA5JTI1MkMlMjUyMDY1NTQ5JTI1MjBMaW1idXJnJTI1MjBhbiUyNTIwZGVyJTI1MjBMYWhuJTIxNWUwJTIxM20yJTIxMXNkZSUyMTJzZGUlMjE0djE1NzUzMDQ3Nzk3ODElMjE1bTIlMjExc2RlJTIxMnNkZSUyMiUyMHdpZHRoJTNEJTIyNjAwJTIyJTIwaGVpZ2h0JTNEJTIyNDUwJTIyJTIwZnJhbWVib3JkZXIlM0QlMjIwJTIyJTIwc3R5bGUlM0QlMjJib3JkZXIlM0EwJTNCJTIyJTIwYWxsb3dmdWxsc2NyZWVuJTNEJTIyJTIyJTNFJTNDJTJGaWZyYW1lJTNF&#8220; title=&#8220;Googlemaps&#8220;][\/vc_column][\/vc_row][vc_row row_type=&#8220;row&#8220; use_row_as_full_screen_section=&#8220;no&#8220; type=&#8220;grid&#8220; angled_section=&#8220;no&#8220; text_align=&#8220;left&#8220; background_image_as_pattern=&#8220;without_pattern&#8220; padding_top=&#8220;80&#8243; padding_bottom=&#8220;49&#8243;][vc_column width=&#8220;1\/2&#8243;][vc_column_text]<\/p>\n<h3>Schreiben Sie uns<\/h3>\n<p>[\/vc_column_text][vc_separator type=&#8220;transparent&#8220; up=&#8220;22&#8243; down=&#8220;0&#8243;]\n<div class=\"wpcf7 no-js\" id=\"wpcf7-f15925-o1\" lang=\"de-DE\" dir=\"ltr\" data-wpcf7-id=\"15925\">\n<div class=\"screen-reader-response\"><p role=\"status\" aria-live=\"polite\" aria-atomic=\"true\"><\/p> <ul><\/ul><\/div>\n<form action=\"\/index.php?rest_route=%2Fwp%2Fv2%2Fpages%2F15370#wpcf7-f15925-o1\" method=\"post\" class=\"wpcf7-form init default\" aria-label=\"Kontaktformular\" novalidate=\"novalidate\" data-status=\"init\">\n<fieldset class=\"hidden-fields-container\"><input type=\"hidden\" name=\"_wpcf7\" value=\"15925\" \/><input type=\"hidden\" name=\"_wpcf7_version\" value=\"6.1.5\" \/><input type=\"hidden\" name=\"_wpcf7_locale\" value=\"de_DE\" \/><input type=\"hidden\" name=\"_wpcf7_unit_tag\" value=\"wpcf7-f15925-o1\" \/><input type=\"hidden\" name=\"_wpcf7_container_post\" value=\"0\" \/><input type=\"hidden\" name=\"_wpcf7_posted_data_hash\" value=\"\" \/>\n<\/fieldset>\n<p><label> Ihr Name (Pflichtfeld)<br \/>\n<span class=\"wpcf7-form-control-wrap\" data-name=\"your-name\"><input size=\"40\" maxlength=\"400\" class=\"wpcf7-form-control wpcf7-text wpcf7-validates-as-required\" aria-required=\"true\" aria-invalid=\"false\" value=\"\" type=\"text\" name=\"your-name\" \/><\/span> <\/label>\n<\/p>\n<p><label> Ihre E-Mail-Adresse (Pflichtfeld)<br \/>\n<span class=\"wpcf7-form-control-wrap\" data-name=\"your-email\"><input size=\"40\" maxlength=\"400\" class=\"wpcf7-form-control wpcf7-email wpcf7-validates-as-required wpcf7-text wpcf7-validates-as-email\" aria-required=\"true\" aria-invalid=\"false\" value=\"\" type=\"email\" name=\"your-email\" \/><\/span> <\/label>\n<\/p>\n<p><label> Betreff<br \/>\n<span class=\"wpcf7-form-control-wrap\" data-name=\"your-subject\"><input size=\"40\" maxlength=\"400\" class=\"wpcf7-form-control wpcf7-text\" aria-invalid=\"false\" value=\"\" type=\"text\" name=\"your-subject\" \/><\/span> <\/label>\n<\/p>\n<p><label> Ihre Nachricht<br \/>\n<span class=\"wpcf7-form-control-wrap\" data-name=\"your-message\"><textarea cols=\"40\" rows=\"10\" maxlength=\"2000\" class=\"wpcf7-form-control wpcf7-textarea\" aria-invalid=\"false\" name=\"your-message\"><\/textarea><\/span> <\/label>\n<\/p>\n<p>[recaptcha]<br \/>\n<input class=\"wpcf7-form-control wpcf7-submit has-spinner\" type=\"submit\" value=\"Senden\" \/>\n<\/p><div class=\"wpcf7-response-output\" aria-hidden=\"true\"><\/div>\n<\/form>\n<\/div>\n[vc_separator type=&#8220;transparent&#8220; up=&#8220;26&#8243; down=&#8220;0&#8243;][vc_separator type=&#8220;transparent&#8220; up=&#8220;40&#8243; down=&#8220;0&#8243;][\/vc_column][vc_column width=&#8220;1\/2&#8243;][vc_column_text]<\/p>\n<h3>Adresse<\/h3>\n<p>[\/vc_column_text][vc_separator type=&#8220;transparent&#8220; up=&#8220;26&#8243; down=&#8220;0&#8243;][vc_empty_space][vc_column_text]B\u00fcro Klosterg\u00e4rten:<br \/>\nIn den Klosterg\u00e4rten 9<br \/>\n65549 Limburg an der Lahn[\/vc_column_text][vc_empty_space][vc_column_text]B\u00fcro Unterheide:<br \/>\nAuf der Unterheide 32<br \/>\n65549 Limburg[\/vc_column_text][vc_empty_space][vc_column_text]Tel: 06431 9639-0<br \/>\nE-Mail: info@architektin-schwarz.de<br \/>\nURL: www.architektin-schwarz.de[\/vc_column_text][vc_separator type=&#8220;transparent&#8220; up=&#8220;40&#8243; down=&#8220;0&#8243;][\/vc_column][\/vc_row]<\/p>\n<\/div>","protected":false},"excerpt":{"rendered":"<p>[vc_row row_type=&#8220;row&#8220; use_row_as_full_screen_section=&#8220;no&#8220; type=&#8220;full_width&#8220; angled_section=&#8220;no&#8220; text_align=&#8220;left&#8220; background_image_as_pattern=&#8220;without_pattern&#8220;][vc_column][vc_gmaps link=&#8220;#E-8_JTNDaWZyYW1lJTIwc3JjJTNEJTIyaHR0cHMlM0ElMkYlMkZ3d3cuZ29vZ2xlLmNvbSUyRm1hcHMlMkZlbWJlZCUzRnBiJTNEJTIxMW0xOCUyMTFtMTIlMjExbTMlMjExZDEyNzIuMTEzNzE0MTQ2Mzk0NCUyMTJkOC4wNzI5MDM0MTk1MDY2MjMlMjEzZDUwLjM4MDk1ODc5Nzk0ODA5JTIxMm0zJTIxMWYwJTIxMmYwJTIxM2YwJTIxM20yJTIxMWkxMDI0JTIxMmk3NjglMjE0ZjEzLjElMjEzbTMlMjExbTIlMjExczB4NDdiZGNjZGQyYjJmNGE1NSUyNTNBMHg5Y2MwNzQ1MGJiMDc2MjYwJTIxMnNJbiUyNTIwZGVuJTI1MjBLbG9zdGVyZyUyNUMzJTI1QTRydGVuJTI1MjA5JTI1MkMlMjUyMDY1NTQ5JTI1MjBMaW1idXJnJTI1MjBhbiUyNTIwZGVyJTI1MjBMYWhuJTIxNWUwJTIxM20yJTIxMXNkZSUyMTJzZGUlMjE0djE1NzUzMDQ3Nzk3ODElMjE1bTIlMjExc2RlJTIxMnNkZSUyMiUyMHdpZHRoJTNEJTIyNjAwJTIyJTIwaGVpZ2h0JTNEJTIyNDUwJTIyJTIwZnJhbWVib3JkZXIlM0QlMjIwJTIyJTIwc3R5bGUlM0QlMjJib3JkZXIlM0EwJTNCJTIyJTIwYWxsb3dmdWxsc2NyZWVuJTNEJTIyJTIyJTNFJTNDJTJGaWZyYW1lJTNF&#8220; title=&#8220;Googlemaps&#8220;][\/vc_column][\/vc_row][vc_row row_type=&#8220;row&#8220; use_row_as_full_screen_section=&#8220;no&#8220; type=&#8220;grid&#8220; angled_section=&#8220;no&#8220; text_align=&#8220;left&#8220; background_image_as_pattern=&#8220;without_pattern&#8220; padding_top=&#8220;80&#8243; padding_bottom=&#8220;49&#8243;][vc_column width=&#8220;1\/2&#8243;][vc_column_text] Schreiben Sie uns [\/vc_column_text][vc_separator type=&#8220;transparent&#8220; up=&#8220;22&#8243; down=&#8220;0&#8243;][vc_separator type=&#8220;transparent&#8220; up=&#8220;26&#8243; down=&#8220;0&#8243;][vc_separator type=&#8220;transparent&#8220; up=&#8220;40&#8243; down=&#8220;0&#8243;][\/vc_column][vc_column width=&#8220;1\/2&#8243;][vc_column_text] Adresse [\/vc_column_text][vc_separator type=&#8220;transparent&#8220; up=&#8220;26&#8243; down=&#8220;0&#8243;][vc_empty_space][vc_column_text]B\u00fcro Klosterg\u00e4rten: In den Klosterg\u00e4rten 9 65549 Limburg an&#8230;<\/p>\n","protected":false},"author":2,"featured_media":0,"parent":0,"menu_order":0,"comment_status":"open","ping_status":"open","template":"","meta":{"footnotes":""},"class_list":["post-15370","page","type-page","status-publish","hentry"],"_links":{"self":[{"href":"https:\/\/www.architektin-schwarz.de\/index.php?rest_route=\/wp\/v2\/pages\/15370","targetHints":{"allow":["GET"]}}],"collection":[{"href":"https:\/\/www.architektin-schwarz.de\/index.php?rest_route=\/wp\/v2\/pages"}],"about":[{"href":"https:\/\/www.architektin-schwarz.de\/index.php?rest_route=\/wp\/v2\/types\/page"}],"author":[{"embeddable":true,"href":"https:\/\/www.architektin-schwarz.de\/index.php?rest_route=\/wp\/v2\/users\/2"}],"replies":[{"embeddable":true,"href":"https:\/\/www.architektin-schwarz.de\/index.php?rest_route=%2Fwp%2Fv2%2Fcomments&post=15370"}],"version-history":[{"count":5,"href":"https:\/\/www.architektin-schwarz.de\/index.php?rest_route=\/wp\/v2\/pages\/15370\/revisions"}],"predecessor-version":[{"id":16050,"href":"https:\/\/www.architektin-schwarz.de\/index.php?rest_route=\/wp\/v2\/pages\/15370\/revisions\/16050"}],"wp:attachment":[{"href":"https:\/\/www.architektin-schwarz.de\/index.php?rest_route=%2Fwp%2Fv2%2Fmedia&parent=15370"}],"curies":[{"name":"wp","href":"https:\/\/api.w.org\/{rel}","templated":true}]}}