{"id":15286,"date":"2015-05-20T14:24:34","date_gmt":"2015-05-20T12:24:34","guid":{"rendered":"http:\/\/demo.qodeinteractive.com\/bridge107\/?page_id=15286"},"modified":"2019-04-09T15:16:56","modified_gmt":"2019-04-09T13:16:56","slug":"about","status":"publish","type":"page","link":"https:\/\/www.architektin-schwarz.de\/?page_id=15286","title":{"rendered":"Profil"},"content":{"rendered":"<div class=\"wpb-content-wrapper\"><p>[vc_row css_animation=&#8220;&#8220; row_type=&#8220;row&#8220; use_row_as_full_screen_section=&#8220;no&#8220; type=&#8220;full_width&#8220; angled_section=&#8220;no&#8220; text_align=&#8220;left&#8220; background_image_as_pattern=&#8220;without_pattern&#8220;][vc_column][vc_single_image image=&#8220;15381&#8243; img_size=&#8220;full&#8220; qode_css_animation=&#8220;&#8220;][vc_empty_space height=&#8220;50px&#8220;][\/vc_column][\/vc_row][vc_row css_animation=&#8220;&#8220; row_type=&#8220;row&#8220; use_row_as_full_screen_section=&#8220;no&#8220; type=&#8220;full_width&#8220; angled_section=&#8220;no&#8220; text_align=&#8220;left&#8220; background_image_as_pattern=&#8220;without_pattern&#8220;][vc_column width=&#8220;1\/2&#8243;][vc_single_image image=&#8220;15505&#8243; img_size=&#8220;large&#8220; qode_css_animation=&#8220;&#8220;][\/vc_column][vc_column width=&#8220;1\/2&#8243;][vc_column_text]<\/p>\n<h3>vita<\/h3>\n<p>[\/vc_column_text][vc_separator type=&#8220;transparent&#8220; up=&#8220;10&#8243; down=&#8220;0&#8243;][vc_column_text]<\/p>\n<h4 class=\"aq-block-title\" style=\"text-align: left\">Dipl.-ing. Architektin Gisela Schwarz<\/h4>\n<p>[\/vc_column_text][vc_separator type=&#8220;transparent&#8220; up=&#8220;10&#8243; down=&#8220;0&#8243;][vc_column_text]- 1983-1989 Architekturstudium an der technischen Hochschule Darmstadt<br \/>\n&#8211; Gesamtleitung der Planung und des Entwurfs<br \/>\n&#8211; Wettbewerbe<br \/>\n&#8211; Projektleitung<br \/>\n&#8211; Gesamtleitung der Gesch\u00e4ftsf\u00fchrung<br \/>\n&#8211; Akquisition<br \/>\n&#8211; Kundenberatung und -betreuung[\/vc_column_text][\/vc_column][\/vc_row][vc_row css_animation=&#8220;&#8220; row_type=&#8220;row&#8220; use_row_as_full_screen_section=&#8220;no&#8220; type=&#8220;full_width&#8220; angled_section=&#8220;no&#8220; text_align=&#8220;left&#8220; background_image_as_pattern=&#8220;without_pattern&#8220;][vc_column][vc_separator type=&#8220;normal&#8220; color=&#8220;#e5e5e5&#8243; thickness=&#8220;1&#8243; up=&#8220;50&#8243;][\/vc_column][\/vc_row][vc_row css_animation=&#8220;&#8220; row_type=&#8220;row&#8220; use_row_as_full_screen_section=&#8220;no&#8220; type=&#8220;full_width&#8220; angled_section=&#8220;no&#8220; text_align=&#8220;left&#8220; background_image_as_pattern=&#8220;without_pattern&#8220; padding_top=&#8220;80&#8243; padding_bottom=&#8220;70&#8243;][vc_column width=&#8220;1\/2&#8243;][vc_column_text]<\/p>\n<h3>unsere Philosophie<\/h3>\n<p>[\/vc_column_text][vc_separator type=&#8220;transparent&#8220; up=&#8220;10&#8243; down=&#8220;0&#8243;][vc_column_text]Revitalisierung<br \/>\nWiederentdeckung und -erweckung bestehender Strukturen.<\/p>\n<p>Verbinden von Altem und Neuem.<\/p>\n<p>Die Auseinandersetzung mit dem Bestand und den Lebensentw\u00fcrfen unserer Auftraggeber, dass macht den Reiz der Aufgabenstellung aus, die unser B\u00fcro t\u00e4glich antreibt die bestm\u00f6gliche L\u00f6sung f\u00fcr die spezielle Situation zu finden.<\/p>\n<p>Das Herausarbeiten und der Respekt vor der Qualit\u00e4t der alten Baukunst in Kombination mit moderner, klarer Formensprache, f\u00fchren immer wieder zu neuen L\u00f6sungen.<\/p>\n<p>Die Weiterentwicklung eines historischen Geb\u00e4udes f\u00fcr die Anforderungen und Lebensr\u00e4ume der heutigen Wohn-, Arbeits- und Lebensbed\u00fcrfnisse, die Auseinandersetzung mit den verschiedenen Aufgabenfeldern Denkmalpflege, energetische Betrachtung und finanzielle Rahmenbedingungen sind das Spannende an unserer Arbeit und erzeugen nat\u00fcrlicher Weise ganz individuelle immer wieder neue Ergebnisse.<\/p>\n<p>Die Verantwortung als Architekt f\u00fcr nachhaltiges Bauen ist immanent und liegt in der Natur der Sache.<\/p>\n<p>Das Ersp\u00fcren der L\u00f6sung im Zusammenspiel mit allen Beteiligten ist ein wunderbarer kreativer Prozess des Entstehens, der dann in der zweiten Phase der Umsetzung zur gebauten Wirklichkeit wird.[\/vc_column_text][\/vc_column][vc_column width=&#8220;1\/2&#8243;][vc_separator type=&#8220;transparent&#8220; up=&#8220;30&#8243; down=&#8220;0&#8243;][vc_single_image image=&#8220;15435&#8243; img_size=&#8220;large&#8220; qode_css_animation=&#8220;&#8220;][vc_separator type=&#8220;transparent&#8220; up=&#8220;30&#8243; down=&#8220;0&#8243;][\/vc_column][\/vc_row][vc_row css_animation=&#8220;&#8220; row_type=&#8220;row&#8220; use_row_as_full_screen_section=&#8220;no&#8220; type=&#8220;full_width&#8220; angled_section=&#8220;no&#8220; text_align=&#8220;left&#8220; background_image_as_pattern=&#8220;without_pattern&#8220;][vc_column][vc_separator type=&#8220;normal&#8220; color=&#8220;#e5e5e5&#8243; thickness=&#8220;1&#8243; up=&#8220;50&#8243;][\/vc_column][\/vc_row][vc_row css_animation=&#8220;&#8220; row_type=&#8220;row&#8220; use_row_as_full_screen_section=&#8220;no&#8220; type=&#8220;full_width&#8220; angled_section=&#8220;no&#8220; text_align=&#8220;left&#8220; background_image_as_pattern=&#8220;without_pattern&#8220; padding_top=&#8220;80&#8243; padding_bottom=&#8220;70&#8243;][vc_column width=&#8220;1\/2&#8243;][vc_column_text]<\/p>\n<h3>ziele &#8211; wege &#8211; mittel<\/h3>\n<p>[\/vc_column_text][vc_separator type=&#8220;transparent&#8220; up=&#8220;10&#8243; down=&#8220;0&#8243;][vc_column_text]<\/p>\n<h4>Wir bieten L\u00f6sungen zu jedem Problem&#8230;<\/h4>\n<p>[\/vc_column_text][vc_separator type=&#8220;transparent&#8220; up=&#8220;30&#8243; down=&#8220;0&#8243;][\/vc_column][vc_column width=&#8220;1\/2&#8243;][vc_accordion style=&#8220;accordion&#8220;][vc_accordion_tab title=&#8220;Wir bieten zeitgem\u00e4\u00dfe L\u00f6sungen komplexer Bauaufgaben durch&#8220;][vc_column_text]- funktionelle pragmatische Konzepte<br \/>\n&#8211; ansprechende klar Architektur<br \/>\n&#8211; termingerechte Projektabwicklung,<br \/>\n&#8211; Kostensicherheit und Kostenkontrolle<br \/>\n&#8211; intensive Baubetreuung und \u00dcberwachung[\/vc_column_text][\/vc_accordion_tab][vc_accordion_tab title=&#8220;Wir haben das Vertrauen unserer Kunden durch langj\u00e4hrige Zuverl\u00e4ssigkeit erworben, weil wir:&#8220;][vc_column_text]- individuelle L\u00f6sungen erarbeiten,<br \/>\n&#8211; unterschiedliche Bauaufgaben verantwortungsvoll bearbeiten,<br \/>\n&#8211; eine umfassende Beratung bieten<br \/>\n&#8211; Ansprechpartner f\u00fcr alle Planungsleistungen sind,<br \/>\n&#8211; Kosten- und Terminsicherheit bieten<br \/>\n&#8211; Projekte \u00fcber die Fertigstellung hinaus betreuen[\/vc_column_text][\/vc_accordion_tab][vc_accordion_tab title=&#8220;Wir haben kompetente und motivierte Mitarbeiter und Partner, die:&#8220;][vc_column_text]- langfristig mit uns zusammenarbeiten,<br \/>\n&#8211; eigenverantwortlich in Projektgruppen kooperativ arbeiten,<br \/>\n&#8211; eine Bewertung und Kontrolle der Arbeitsergebnisse als Hilfe verstehen,<br \/>\n&#8211; \u00fcber die wesentlichen Vorg\u00e4nge und Entwicklungen des B\u00fcros informiert sind,<br \/>\n&#8211; ein gutes Arbeitsklima sch\u00e4tzen[\/vc_column_text][\/vc_accordion_tab][vc_accordion_tab title=&#8220;Wir verf\u00fcgen \u00fcber modernste B\u00fcrotechnik mit:&#8220;][vc_column_text]- CAD: ALLPLAN 2017, Corel Draw f\u00fcr die zeichnerische Darstellung,<br \/>\n&#8211; Betriebssystem Windows XP und 7 im Netzwerk mit Text- und Tabellenkalkulation (Word und Excel)<br \/>\n&#8211; Powerproject zur Terminplanung<br \/>\n&#8211;&nbsp;AVANTI pro 2016<br \/>\n&#8211; California f\u00fcr AVA, Kostenermittlung und Konstenkontrolle<br \/>\n&#8211; Outlook<br \/>\n&#8211; U-Strich B\u00fcromanagement[\/vc_column_text][\/vc_accordion_tab][\/vc_accordion][vc_separator type=&#8220;transparent&#8220; up=&#8220;30&#8243; down=&#8220;0&#8243;][\/vc_column][\/vc_row][vc_row css_animation=&#8220;&#8220; row_type=&#8220;row&#8220; use_row_as_full_screen_section=&#8220;no&#8220; type=&#8220;full_width&#8220; angled_section=&#8220;no&#8220; text_align=&#8220;left&#8220; background_image_as_pattern=&#8220;without_pattern&#8220;][vc_column][vc_separator type=&#8220;normal&#8220; color=&#8220;#e5e5e5&#8243; thickness=&#8220;1&#8243; down=&#8220;50&#8243;][\/vc_column][\/vc_row][vc_row css_animation=&#8220;&#8220; row_type=&#8220;row&#8220; use_row_as_full_screen_section=&#8220;no&#8220; type=&#8220;full_width&#8220; angled_section=&#8220;no&#8220; text_align=&#8220;left&#8220; background_image_as_pattern=&#8220;without_pattern&#8220;][vc_column][vc_column_text]<\/p>\n<h3>urkunden<\/h3>\n<p>[\/vc_column_text][vc_separator type=&#8220;transparent&#8220; up=&#8220;50&#8243; down=&#8220;0&#8243;][\/vc_column][\/vc_row][vc_row css_animation=&#8220;&#8220; row_type=&#8220;row&#8220; use_row_as_full_screen_section=&#8220;no&#8220; type=&#8220;full_width&#8220; angled_section=&#8220;no&#8220; text_align=&#8220;left&#8220; background_image_as_pattern=&#8220;without_pattern&#8220;][vc_column]<div class='qode_carousels_holder clearfix'><div class='qode_carousels' data-number-of-visible-items=''><ul class='slides'><li class='item'><div class=\"carousel_item_holder\"><a itemprop='url' href='http:\/\/www.architektin-schwarz.de\/wp-content\/uploads\/2015\/05\/SbizhubC22014120215240-724x1024.jpg' target='_blank'><span class='first_image_holder '><img decoding=\"async\" itemprop=\"image\" src=\"http:\/\/www.architektin-schwarz.de\/wp-content\/uploads\/2015\/05\/SbizhubC22014120215240-724x1024.jpg\" alt=\"carousel image\" \/><\/span><\/a><\/div><\/li><li class='item'><div class=\"carousel_item_holder\"><a itemprop='url' href='http:\/\/www.architektin-schwarz.de\/wp-content\/uploads\/2015\/05\/SbizhubC22014120215231-724x1024.jpg' target='_blank'><span class='first_image_holder '><img decoding=\"async\" itemprop=\"image\" src=\"http:\/\/www.architektin-schwarz.de\/wp-content\/uploads\/2015\/05\/SbizhubC22014120215231-724x1024.jpg\" alt=\"carousel image\" \/><\/span><\/a><\/div><\/li><li class='item'><div class=\"carousel_item_holder\"><a itemprop='url' href='http:\/\/www.architektin-schwarz.de\/wp-content\/uploads\/2015\/05\/SbizhubC22014120215280-724x1024.jpg' target='_blank'><span class='first_image_holder '><img decoding=\"async\" itemprop=\"image\" src=\"http:\/\/www.architektin-schwarz.de\/wp-content\/uploads\/2015\/05\/SbizhubC22014120215280-724x1024.jpg\" alt=\"carousel image\" \/><\/span><\/a><\/div><\/li><li class='item'><div class=\"carousel_item_holder\"><a itemprop='url' href='http:\/\/www.architektin-schwarz.de\/wp-content\/uploads\/2015\/05\/SbizhubC22014120215281-724x1024.jpg' target='_blank'><span class='first_image_holder '><img decoding=\"async\" itemprop=\"image\" src=\"http:\/\/www.architektin-schwarz.de\/wp-content\/uploads\/2015\/05\/SbizhubC22014120215281-724x1024.jpg\" alt=\"carousel image\" \/><\/span><\/a><\/div><\/li><li class='item'><div class=\"carousel_item_holder\"><a itemprop='url' href='http:\/\/www.architektin-schwarz.de\/wp-content\/uploads\/2017\/02\/praequalifikationsnachweis2017.jpg' target='_blank'><span class='first_image_holder '><img decoding=\"async\" itemprop=\"image\" src=\"http:\/\/www.architektin-schwarz.de\/wp-content\/uploads\/2017\/02\/praequalifikationsnachweis2017.jpg\" alt=\"carousel image\" \/><\/span><\/a><\/div><\/li><\/ul><\/div><\/div>[\/vc_column][\/vc_row][vc_row css_animation=&#8220;&#8220; row_type=&#8220;row&#8220; use_row_as_full_screen_section=&#8220;no&#8220; type=&#8220;full_width&#8220; angled_section=&#8220;no&#8220; text_align=&#8220;left&#8220; background_image_as_pattern=&#8220;without_pattern&#8220;][vc_column][vc_empty_space][\/vc_column][\/vc_row]<\/p>\n<\/div>","protected":false},"excerpt":{"rendered":"<p>[vc_row css_animation=&#8220;&#8220; row_type=&#8220;row&#8220; use_row_as_full_screen_section=&#8220;no&#8220; type=&#8220;full_width&#8220; angled_section=&#8220;no&#8220; text_align=&#8220;left&#8220; background_image_as_pattern=&#8220;without_pattern&#8220;][vc_column][vc_single_image image=&#8220;15381&#8243; img_size=&#8220;full&#8220; qode_css_animation=&#8220;&#8220;][vc_empty_space height=&#8220;50px&#8220;][\/vc_column][\/vc_row][vc_row css_animation=&#8220;&#8220; row_type=&#8220;row&#8220; use_row_as_full_screen_section=&#8220;no&#8220; type=&#8220;full_width&#8220; angled_section=&#8220;no&#8220; text_align=&#8220;left&#8220; background_image_as_pattern=&#8220;without_pattern&#8220;][vc_column width=&#8220;1\/2&#8243;][vc_single_image image=&#8220;15505&#8243; img_size=&#8220;large&#8220; qode_css_animation=&#8220;&#8220;][\/vc_column][vc_column width=&#8220;1\/2&#8243;][vc_column_text] vita [\/vc_column_text][vc_separator type=&#8220;transparent&#8220; up=&#8220;10&#8243; down=&#8220;0&#8243;][vc_column_text] Dipl.-ing. Architektin Gisela Schwarz [\/vc_column_text][vc_separator type=&#8220;transparent&#8220; up=&#8220;10&#8243; down=&#8220;0&#8243;][vc_column_text]- 1983-1989 Architekturstudium an der technischen Hochschule Darmstadt &#8211;&#8230;<\/p>\n","protected":false},"author":2,"featured_media":0,"parent":0,"menu_order":0,"comment_status":"open","ping_status":"open","template":"","meta":{"footnotes":""},"class_list":["post-15286","page","type-page","status-publish","hentry"],"_links":{"self":[{"href":"https:\/\/www.architektin-schwarz.de\/index.php?rest_route=\/wp\/v2\/pages\/15286","targetHints":{"allow":["GET"]}}],"collection":[{"href":"https:\/\/www.architektin-schwarz.de\/index.php?rest_route=\/wp\/v2\/pages"}],"about":[{"href":"https:\/\/www.architektin-schwarz.de\/index.php?rest_route=\/wp\/v2\/types\/page"}],"author":[{"embeddable":true,"href":"https:\/\/www.architektin-schwarz.de\/index.php?rest_route=\/wp\/v2\/users\/2"}],"replies":[{"embeddable":true,"href":"https:\/\/www.architektin-schwarz.de\/index.php?rest_route=%2Fwp%2Fv2%2Fcomments&post=15286"}],"version-history":[{"count":5,"href":"https:\/\/www.architektin-schwarz.de\/index.php?rest_route=\/wp\/v2\/pages\/15286\/revisions"}],"predecessor-version":[{"id":16036,"href":"https:\/\/www.architektin-schwarz.de\/index.php?rest_route=\/wp\/v2\/pages\/15286\/revisions\/16036"}],"wp:attachment":[{"href":"https:\/\/www.architektin-schwarz.de\/index.php?rest_route=%2Fwp%2Fv2%2Fmedia&parent=15286"}],"curies":[{"name":"wp","href":"https:\/\/api.w.org\/{rel}","templated":true}]}}